{"id":307,"date":"2016-06-02T02:53:31","date_gmt":"2016-06-02T02:53:31","guid":{"rendered":"https:\/\/openkitchen.com.br\/eventos-no-itaim-gastronomia\/?page_id=307"},"modified":"2021-04-20T19:56:18","modified_gmt":"2021-04-20T19:56:18","slug":"experiencias-gastronomicas","status":"publish","type":"page","link":"https:\/\/openkitchen.com.br\/eventos-no-itaim-gastronomia\/experiencias-gastronomicas\/","title":{"rendered":"Experi\u00eancias Gastron\u00f4micas"},"content":{"rendered":"<h2>Experi\u00eancias Gastron\u00f4micas da Casa &#8211; Open Kitchen<\/h2>\n<p>Conte\u00fados Open Kitchen | Aulas, degusta\u00e7\u00f5es\u00a0e eventos abertos &#8211; Experi\u00eancias Gastron\u00f4micas.<\/p>\n<p>Veja aqui alguns dos eventos\u00a0produzidos na\u00a0nossa casa, acontecimentos criados pela Open Kitchen para oferecer ao p\u00fablico experi\u00eancias gastron\u00f4micas diferentes e exclusivas.\u00a0Uma maneira nova de compartilhar conhecimentos dentro de um espa\u00e7o vers\u00e1til e intimista.<\/p>\n<p>Inspire-se em nossos conte\u00fados e solicite uma proposta. Se voc\u00ea quiser podemos replicar alguma destas experi\u00eancias no seu evento ou criar uma nova, seguindo suas sugest\u00f5es e adequando o evento \u00e0s suas necessidades.<\/p>\n<p><strong>&gt;&gt;&gt; PR\u00d3XIMOS EVENTOS:\u00a0<\/strong><br \/>\n<strong>Acompanhe nosso calend\u00e1rio via @openkitchensp (Facebook e Instagram) para participar de nossas experi\u00eancias exclusivas.<\/strong><\/p>\n<p><strong>SIGA A OPEN KITCHEN &#8211; @openkitchensp (Facebook e Instagram)<\/strong><\/p>\n<p><strong>&gt;&gt;&gt; \u00daLTIMAS EXPERI\u00caNCIAS OPEN KITCHEN:\u00a0<\/strong><\/p>\n<p>VEJA COMO FOI &#8211; <strong>CLIQUE NAS IMAGENS<\/strong> E SAIBA MAIS.<\/p>\n<p><a href=\"https:\/\/openkitchen.com.br\/eventos-no-itaim-gastronomia\/11-de-maio-menu-ar-open-kitchen\/\" target=\"_blank\" rel=\"noopener noreferrer\"><img fetchpriority=\"high\" decoding=\"async\" class=\"alignnone wp-image-609 size-full\" src=\"https:\/\/openkitchen.com.br\/eventos-no-itaim-gastronomia\/wp-content\/uploads\/2016\/06\/MenuAR_OpenKitchen.png\" alt=\"Menu AR\" width=\"696\" height=\"458\" srcset=\"https:\/\/openkitchen.com.br\/eventos-no-itaim-gastronomia\/wp-content\/uploads\/2016\/06\/MenuAR_OpenKitchen.png 696w, https:\/\/openkitchen.com.br\/eventos-no-itaim-gastronomia\/wp-content\/uploads\/2016\/06\/MenuAR_OpenKitchen-300x197.png 300w, https:\/\/openkitchen.com.br\/eventos-no-itaim-gastronomia\/wp-content\/uploads\/2016\/06\/MenuAR_OpenKitchen-456x300.png 456w\" sizes=\"(max-width: 696px) 100vw, 696px\" \/><\/a><\/p>\n<h1><a href=\"https:\/\/foodpass.com.br\/open-kitchen-leaovermelho\"><img decoding=\"async\" class=\"alignnone size-full wp-image-573\" src=\"https:\/\/openkitchen.com.br\/eventos-no-itaim-gastronomia\/wp-content\/uploads\/2016\/06\/bx_TeaserVidolinLeao_Ok_FINAL.jpg\" alt=\"bx_TeaserVidolinLeao_Ok_FINAL\" width=\"1000\" height=\"1000\" srcset=\"https:\/\/openkitchen.com.br\/eventos-no-itaim-gastronomia\/wp-content\/uploads\/2016\/06\/bx_TeaserVidolinLeao_Ok_FINAL.jpg 1000w, https:\/\/openkitchen.com.br\/eventos-no-itaim-gastronomia\/wp-content\/uploads\/2016\/06\/bx_TeaserVidolinLeao_Ok_FINAL-150x150.jpg 150w, https:\/\/openkitchen.com.br\/eventos-no-itaim-gastronomia\/wp-content\/uploads\/2016\/06\/bx_TeaserVidolinLeao_Ok_FINAL-300x300.jpg 300w, https:\/\/openkitchen.com.br\/eventos-no-itaim-gastronomia\/wp-content\/uploads\/2016\/06\/bx_TeaserVidolinLeao_Ok_FINAL-768x768.jpg 768w\" sizes=\"(max-width: 1000px) 100vw, 1000px\" \/><\/a><\/h1>\n<h1>S\u00e9rie Elementos da Natureza<\/h1>\n<p><a href=\"https:\/\/openkitchen.com.br\/eventos-no-itaim-gastronomia\/menu-mar-26-de-janeiro\/\"><img decoding=\"async\" class=\"alignnone size-full wp-image-533\" src=\"https:\/\/openkitchen.com.br\/eventos-no-itaim-gastronomia\/wp-content\/uploads\/2017\/01\/bx_MenuMar_Teaser01.jpg\" alt=\"bx_menumar_teaser01\" width=\"600\" height=\"600\" srcset=\"https:\/\/openkitchen.com.br\/eventos-no-itaim-gastronomia\/wp-content\/uploads\/2017\/01\/bx_MenuMar_Teaser01.jpg 600w, https:\/\/openkitchen.com.br\/eventos-no-itaim-gastronomia\/wp-content\/uploads\/2017\/01\/bx_MenuMar_Teaser01-150x150.jpg 150w, https:\/\/openkitchen.com.br\/eventos-no-itaim-gastronomia\/wp-content\/uploads\/2017\/01\/bx_MenuMar_Teaser01-300x300.jpg 300w\" sizes=\"(max-width: 600px) 100vw, 600px\" \/><\/a><\/p>\n<figure id=\"attachment_552\" aria-describedby=\"caption-attachment-552\" style=\"width: 500px\" class=\"wp-caption alignnone\"><a href=\"https:\/\/openkitchen.com.br\/eventos-no-itaim-gastronomia\/bossa-nova-comida-boa-e-um-dedo-de-prosa\/\"><img loading=\"lazy\" decoding=\"async\" class=\"size-full wp-image-552\" src=\"https:\/\/openkitchen.com.br\/eventos-no-itaim-gastronomia\/wp-content\/uploads\/2017\/02\/Square_FranciscoPinheiro_OpenKitchenSEGUNDA.jpg\" alt=\"bossa nova\" width=\"500\" height=\"500\" srcset=\"https:\/\/openkitchen.com.br\/eventos-no-itaim-gastronomia\/wp-content\/uploads\/2017\/02\/Square_FranciscoPinheiro_OpenKitchenSEGUNDA.jpg 500w, https:\/\/openkitchen.com.br\/eventos-no-itaim-gastronomia\/wp-content\/uploads\/2017\/02\/Square_FranciscoPinheiro_OpenKitchenSEGUNDA-150x150.jpg 150w, https:\/\/openkitchen.com.br\/eventos-no-itaim-gastronomia\/wp-content\/uploads\/2017\/02\/Square_FranciscoPinheiro_OpenKitchenSEGUNDA-300x300.jpg 300w\" sizes=\"(max-width: 500px) 100vw, 500px\" \/><\/a><figcaption id=\"caption-attachment-552\" class=\"wp-caption-text\"><a style=\"font-family: 'Noto Serif', Georgia, serif; font-size: 5rem; font-weight: bold; background-color: #ffffff;\" href=\"https:\/\/openkitchen.com.br\/eventos-no-itaim-gastronomia\/outubro-experiencias-gourmet\/\" target=\"_blank\" rel=\"noopener noreferrer\"><img loading=\"lazy\" decoding=\"async\" class=\"alignnone wp-image-611 size-full\" src=\"https:\/\/openkitchen.com.br\/eventos-no-itaim-gastronomia\/wp-content\/uploads\/2016\/06\/Churrasco_OpenKitchen.png\" alt=\"Churrasco_OpenKitchen\" width=\"701\" height=\"458\" srcset=\"https:\/\/openkitchen.com.br\/eventos-no-itaim-gastronomia\/wp-content\/uploads\/2016\/06\/Churrasco_OpenKitchen.png 701w, https:\/\/openkitchen.com.br\/eventos-no-itaim-gastronomia\/wp-content\/uploads\/2016\/06\/Churrasco_OpenKitchen-300x196.png 300w, https:\/\/openkitchen.com.br\/eventos-no-itaim-gastronomia\/wp-content\/uploads\/2016\/06\/Churrasco_OpenKitchen-459x300.png 459w\" sizes=\"(max-width: 701px) 100vw, 701px\" \/><\/a><\/figcaption><\/figure>\n<h1><a href=\"https:\/\/openkitchen.com.br\/eventos-no-itaim-gastronomia\/masterchef-junior-lorenzo-ravioli\/\" target=\"_blank\" rel=\"noopener noreferrer\"><img loading=\"lazy\" decoding=\"async\" class=\"alignnone wp-image-615 size-full\" src=\"https:\/\/openkitchen.com.br\/eventos-no-itaim-gastronomia\/wp-content\/uploads\/2016\/06\/Captura-de-Tela-2017-11-13-a\u0300s-15.25.23.png\" alt=\"Captura de Tela 2017-11-13 a\u0300s 15.25.23\" width=\"695\" height=\"457\" srcset=\"https:\/\/openkitchen.com.br\/eventos-no-itaim-gastronomia\/wp-content\/uploads\/2016\/06\/Captura-de-Tela-2017-11-13-a\u0300s-15.25.23.png 695w, https:\/\/openkitchen.com.br\/eventos-no-itaim-gastronomia\/wp-content\/uploads\/2016\/06\/Captura-de-Tela-2017-11-13-a\u0300s-15.25.23-300x197.png 300w, https:\/\/openkitchen.com.br\/eventos-no-itaim-gastronomia\/wp-content\/uploads\/2016\/06\/Captura-de-Tela-2017-11-13-a\u0300s-15.25.23-456x300.png 456w\" sizes=\"(max-width: 695px) 100vw, 695px\" \/><\/a><\/h1>\n<h1><a href=\"https:\/\/openkitchen.com.br\/eventos-no-itaim-gastronomia\/poker-coaching-sessions\/\"><img loading=\"lazy\" decoding=\"async\" class=\"size-large wp-image-378\" src=\"https:\/\/openkitchen.com.br\/eventos-no-itaim-gastronomia\/wp-content\/uploads\/2016\/08\/POKER05armando-1024x576.jpg\" alt=\"poker\" width=\"1000\" height=\"563\" srcset=\"https:\/\/openkitchen.com.br\/eventos-no-itaim-gastronomia\/wp-content\/uploads\/2016\/08\/POKER05armando-1024x576.jpg 1024w, https:\/\/openkitchen.com.br\/eventos-no-itaim-gastronomia\/wp-content\/uploads\/2016\/08\/POKER05armando-300x169.jpg 300w, https:\/\/openkitchen.com.br\/eventos-no-itaim-gastronomia\/wp-content\/uploads\/2016\/08\/POKER05armando-768x432.jpg 768w, https:\/\/openkitchen.com.br\/eventos-no-itaim-gastronomia\/wp-content\/uploads\/2016\/08\/POKER05armando-533x300.jpg 533w, https:\/\/openkitchen.com.br\/eventos-no-itaim-gastronomia\/wp-content\/uploads\/2016\/08\/POKER05armando.jpg 1920w\" sizes=\"(max-width: 1000px) 100vw, 1000px\" \/><\/a><\/h1>\n<h1><a href=\"https:\/\/openkitchen.com.br\/eventos-no-itaim-gastronomia\/burger-aula-especial-28-07\/\"><img loading=\"lazy\" decoding=\"async\" class=\"alignnone size-full wp-image-365\" src=\"https:\/\/openkitchen.com.br\/eventos-no-itaim-gastronomia\/wp-content\/uploads\/2016\/06\/BUrger_FoodPassOficial_OpenKitchen.jpg\" alt=\"burger \" width=\"1000\" height=\"1000\" srcset=\"https:\/\/openkitchen.com.br\/eventos-no-itaim-gastronomia\/wp-content\/uploads\/2016\/06\/BUrger_FoodPassOficial_OpenKitchen.jpg 1000w, https:\/\/openkitchen.com.br\/eventos-no-itaim-gastronomia\/wp-content\/uploads\/2016\/06\/BUrger_FoodPassOficial_OpenKitchen-150x150.jpg 150w, https:\/\/openkitchen.com.br\/eventos-no-itaim-gastronomia\/wp-content\/uploads\/2016\/06\/BUrger_FoodPassOficial_OpenKitchen-300x300.jpg 300w, https:\/\/openkitchen.com.br\/eventos-no-itaim-gastronomia\/wp-content\/uploads\/2016\/06\/BUrger_FoodPassOficial_OpenKitchen-768x768.jpg 768w\" sizes=\"(max-width: 1000px) 100vw, 1000px\" \/><\/a><\/h1>\n<figure id=\"attachment_324\" aria-describedby=\"caption-attachment-324\" style=\"width: 1000px\" class=\"wp-caption alignnone\"><a href=\"https:\/\/openkitchen.com.br\/eventos-no-itaim-gastronomia\/churrasco\/\"><img loading=\"lazy\" decoding=\"async\" class=\"size-large wp-image-324\" src=\"https:\/\/openkitchen.com.br\/eventos-no-itaim-gastronomia\/wp-content\/uploads\/2016\/06\/TV_Burger_OpenKitchen_ChurrasFINAL-1024x576.jpg\" alt=\"experi\u00eancias gastronomicas\" width=\"1000\" height=\"563\" srcset=\"https:\/\/openkitchen.com.br\/eventos-no-itaim-gastronomia\/wp-content\/uploads\/2016\/06\/TV_Burger_OpenKitchen_ChurrasFINAL-1024x576.jpg 1024w, https:\/\/openkitchen.com.br\/eventos-no-itaim-gastronomia\/wp-content\/uploads\/2016\/06\/TV_Burger_OpenKitchen_ChurrasFINAL-300x169.jpg 300w, https:\/\/openkitchen.com.br\/eventos-no-itaim-gastronomia\/wp-content\/uploads\/2016\/06\/TV_Burger_OpenKitchen_ChurrasFINAL-768x432.jpg 768w, https:\/\/openkitchen.com.br\/eventos-no-itaim-gastronomia\/wp-content\/uploads\/2016\/06\/TV_Burger_OpenKitchen_ChurrasFINAL-533x300.jpg 533w, https:\/\/openkitchen.com.br\/eventos-no-itaim-gastronomia\/wp-content\/uploads\/2016\/06\/TV_Burger_OpenKitchen_ChurrasFINAL.jpg 1920w\" sizes=\"(max-width: 1000px) 100vw, 1000px\" \/><\/a><figcaption id=\"caption-attachment-324\" class=\"wp-caption-text\">experi\u00eancias gastron\u00f4micas<\/figcaption><\/figure>\n<h2><a href=\"https:\/\/openkitchen.com.br\/eventos-no-itaim-gastronomia\/aula-de-cheese-salada\/\"><img loading=\"lazy\" decoding=\"async\" class=\"alignnone size-full wp-image-287\" src=\"https:\/\/openkitchen.com.br\/eventos-no-itaim-gastronomia\/wp-content\/uploads\/2016\/05\/00_bx_TEASER_CheeseSalada_OpenKitchen.jpg\" alt=\"aula de hamburger\" width=\"600\" height=\"600\" srcset=\"https:\/\/openkitchen.com.br\/eventos-no-itaim-gastronomia\/wp-content\/uploads\/2016\/05\/00_bx_TEASER_CheeseSalada_OpenKitchen.jpg 600w, https:\/\/openkitchen.com.br\/eventos-no-itaim-gastronomia\/wp-content\/uploads\/2016\/05\/00_bx_TEASER_CheeseSalada_OpenKitchen-150x150.jpg 150w, https:\/\/openkitchen.com.br\/eventos-no-itaim-gastronomia\/wp-content\/uploads\/2016\/05\/00_bx_TEASER_CheeseSalada_OpenKitchen-300x300.jpg 300w\" sizes=\"(max-width: 600px) 100vw, 600px\" \/><\/a><\/h2>\n<p class=\"p1\"><a href=\"https:\/\/openkitchen.com.br\/eventos-no-itaim-gastronomia\/open-kitchen-aula-especial-de-ceviche\/\"><img loading=\"lazy\" decoding=\"async\" class=\"alignnone size-full wp-image-237\" src=\"https:\/\/openkitchen.com.br\/eventos-no-itaim-gastronomia\/wp-content\/uploads\/2016\/05\/Teaser_OpenKitchen_Ceviche_V01B_NesteSa\u0301bado.jpg\" alt=\"Teaser_OpenKitchen_Ceviche_V01B_NesteSa\u0301bado\" width=\"600\" height=\"600\" srcset=\"https:\/\/openkitchen.com.br\/eventos-no-itaim-gastronomia\/wp-content\/uploads\/2016\/05\/Teaser_OpenKitchen_Ceviche_V01B_NesteSa\u0301bado.jpg 600w, https:\/\/openkitchen.com.br\/eventos-no-itaim-gastronomia\/wp-content\/uploads\/2016\/05\/Teaser_OpenKitchen_Ceviche_V01B_NesteSa\u0301bado-150x150.jpg 150w, https:\/\/openkitchen.com.br\/eventos-no-itaim-gastronomia\/wp-content\/uploads\/2016\/05\/Teaser_OpenKitchen_Ceviche_V01B_NesteSa\u0301bado-300x300.jpg 300w\" sizes=\"(max-width: 600px) 100vw, 600px\" \/><\/a><\/p>\n<h2><a href=\"https:\/\/openkitchen.com.br\/eventos-no-itaim-gastronomia\/encontros-sensoriais-chef-bel-coelho\/\"><img loading=\"lazy\" decoding=\"async\" class=\"alignnone wp-image-221\" src=\"https:\/\/openkitchen.com.br\/eventos-no-itaim-gastronomia\/wp-content\/uploads\/2016\/05\/BelCoelho_OpenKitchen.png\" alt=\"BelCoelho_OpenKitchen\" width=\"604\" height=\"603\" srcset=\"https:\/\/openkitchen.com.br\/eventos-no-itaim-gastronomia\/wp-content\/uploads\/2016\/05\/BelCoelho_OpenKitchen.png 755w, https:\/\/openkitchen.com.br\/eventos-no-itaim-gastronomia\/wp-content\/uploads\/2016\/05\/BelCoelho_OpenKitchen-150x150.png 150w, https:\/\/openkitchen.com.br\/eventos-no-itaim-gastronomia\/wp-content\/uploads\/2016\/05\/BelCoelho_OpenKitchen-300x300.png 300w\" sizes=\"(max-width: 604px) 100vw, 604px\" \/><\/a><\/h2>\n<p>Conhe\u00e7a o <strong>Projeto AROMA<\/strong>, em 2018, muitas novidades em torno do ato de cozinhar.<br \/>\nClique para acessar os depoimentos que serviram como ponto de partida para este movimento em busca das lembran\u00e7as gastron\u00f4micas de cada um.<\/p>\n<p><a href=\"https:\/\/openkitchen.com.br\/eventos-no-itaim-gastronomia\/projeto-aroma-open-kitchen\/\" target=\"_blank\" rel=\"noopener noreferrer\"><img loading=\"lazy\" decoding=\"async\" class=\"alignnone wp-image-614 size-full\" src=\"https:\/\/openkitchen.com.br\/eventos-no-itaim-gastronomia\/wp-content\/uploads\/2016\/06\/Captura-de-Tela-2017-11-13-a\u0300s-15.21.00.png\" alt=\"Captura de Tela 2017-11-13 a\u0300s 15.21.00\" width=\"700\" height=\"464\" srcset=\"https:\/\/openkitchen.com.br\/eventos-no-itaim-gastronomia\/wp-content\/uploads\/2016\/06\/Captura-de-Tela-2017-11-13-a\u0300s-15.21.00.png 700w, https:\/\/openkitchen.com.br\/eventos-no-itaim-gastronomia\/wp-content\/uploads\/2016\/06\/Captura-de-Tela-2017-11-13-a\u0300s-15.21.00-300x199.png 300w, https:\/\/openkitchen.com.br\/eventos-no-itaim-gastronomia\/wp-content\/uploads\/2016\/06\/Captura-de-Tela-2017-11-13-a\u0300s-15.21.00-453x300.png 453w\" sizes=\"(max-width: 700px) 100vw, 700px\" \/><\/a><\/p>\n<p style=\"text-align: center;\">____________<\/p>\n<p><strong>Acompanhe mais sobre a casa e nossas experi\u00eancias com vendas online nas redes sociais: @openkitchensp\u00a0<\/strong><\/p>\n<p>Venha participar de uma de nossas aulas especiais. S\u00e3o eventos criados pela casa em conjunto com marcas e chefs para oferecer t\u00e9cnicas, dicas e truques sobre o preparo de pratos, degusta\u00e7\u00e3o de ingredientes e pratos preparados ao vivo\u00a0durante a aula, \u00a0acompanhados pelo servi\u00e7o de qualidade do staff Open Kitchen.<\/p>\n<p>Sempre completos\u00a0incluem\u00a0cervejas, vinhos, \u00e1gua e refrigerante &#8211; cada evento \u00e9 customizado e tem seu card\u00e1pio de comida e bebida pr\u00f3prio.<\/p>\n<p>Conte\u00fados com os formatos dos eventos propriet\u00e1rios da Open Kitchen podem fazer parte do seu evento corporativo. Ofere\u00e7a\u00a0\u00f3timos momentos para seus convidados.<\/p>\n<p>Nosso espa\u00e7o de eventos est\u00e1\u00a0preparado para receber qualquer tipo de modelo corporativo com capacidade para at\u00e9 40 pessoas confortavelmente sentadas. O cliente pode trazer seu pr\u00f3prio servi\u00e7o incluindo chefs, buffets e staff ou contar com os servi\u00e7os da casa. Independente da configura\u00e7\u00e3o do evento voc\u00ea pode surpreender ainda mais os participantes incluindo alguma de nossas experi\u00eancias gastron\u00f4micas &#8211;\u00a0<strong>consulte: <a href=\"mailto:contato@openkitchen.com.br\">contato@openkitchen.com.br<\/a><\/strong><\/p>\n<p>Estamos aguardando a sua visita em um de nossos eventos.<\/p>\n<p><strong>Acompanhe nosso calend\u00e1rio via @openkitchensp (Facebook e Instagram) e participe de nossas experi\u00eancias exclusivas.<\/strong><\/p>\n","protected":false},"excerpt":{"rendered":"<p>Experi\u00eancias Gastron\u00f4micas da Casa &#8211; Open Kitchen Conte\u00fados Open Kitchen | Aulas, degusta\u00e7\u00f5es\u00a0e eventos abertos &#8211; Experi\u00eancias Gastron\u00f4micas. Veja aqui alguns dos eventos\u00a0produzidos na\u00a0nossa casa, acontecimentos criados pela Open Kitchen para oferecer ao p\u00fablico experi\u00eancias gastron\u00f4micas diferentes e exclusivas.\u00a0Uma maneira nova de compartilhar conhecimentos dentro de um espa\u00e7o vers\u00e1til e intimista. Inspire-se em nossos conte\u00fados [&hellip;]<\/p>\n","protected":false},"author":2,"featured_media":260,"parent":0,"menu_order":0,"comment_status":"closed","ping_status":"closed","template":"","meta":{"footnotes":""},"class_list":["post-307","page","type-page","status-publish","has-post-thumbnail","hentry"],"_links":{"self":[{"href":"https:\/\/openkitchen.com.br\/eventos-no-itaim-gastronomia\/wp-json\/wp\/v2\/pages\/307","targetHints":{"allow":["GET"]}}],"collection":[{"href":"https:\/\/openkitchen.com.br\/eventos-no-itaim-gastronomia\/wp-json\/wp\/v2\/pages"}],"about":[{"href":"https:\/\/openkitchen.com.br\/eventos-no-itaim-gastronomia\/wp-json\/wp\/v2\/types\/page"}],"author":[{"embeddable":true,"href":"https:\/\/openkitchen.com.br\/eventos-no-itaim-gastronomia\/wp-json\/wp\/v2\/users\/2"}],"replies":[{"embeddable":true,"href":"https:\/\/openkitchen.com.br\/eventos-no-itaim-gastronomia\/wp-json\/wp\/v2\/comments?post=307"}],"version-history":[{"count":30,"href":"https:\/\/openkitchen.com.br\/eventos-no-itaim-gastronomia\/wp-json\/wp\/v2\/pages\/307\/revisions"}],"predecessor-version":[{"id":843,"href":"https:\/\/openkitchen.com.br\/eventos-no-itaim-gastronomia\/wp-json\/wp\/v2\/pages\/307\/revisions\/843"}],"wp:featuredmedia":[{"embeddable":true,"href":"https:\/\/openkitchen.com.br\/eventos-no-itaim-gastronomia\/wp-json\/wp\/v2\/media\/260"}],"wp:attachment":[{"href":"https:\/\/openkitchen.com.br\/eventos-no-itaim-gastronomia\/wp-json\/wp\/v2\/media?parent=307"}],"curies":[{"name":"wp","href":"https:\/\/api.w.org\/{rel}","templated":true}]}}