{"id":1470,"date":"2024-10-07T15:44:35","date_gmt":"2024-10-07T18:44:35","guid":{"rendered":"https:\/\/openkitchen.com.br\/eventos-no-itaim-gastronomia\/?page_id=1470"},"modified":"2025-03-20T19:06:05","modified_gmt":"2025-03-20T22:06:05","slug":"eventos","status":"publish","type":"page","link":"https:\/\/openkitchen.com.br\/eventos-no-itaim-gastronomia\/eventos\/","title":{"rendered":"EVENTOS"},"content":{"rendered":"\t\t<div data-elementor-type=\"wp-page\" data-elementor-id=\"1470\" class=\"elementor elementor-1470\" data-elementor-post-type=\"page\">\n\t\t\t\t<div class=\"elementor-element elementor-element-b0edf17 e-flex e-con-boxed e-con e-parent\" data-id=\"b0edf17\" data-element_type=\"container\" data-e-type=\"container\">\n\t\t\t\t\t<div class=\"e-con-inner\">\n\t\t\t\t<div class=\"elementor-element elementor-element-caba511 elementor-widget elementor-widget-heading\" data-id=\"caba511\" data-element_type=\"widget\" data-e-type=\"widget\" data-widget_type=\"heading.default\">\n\t\t\t\t<div class=\"elementor-widget-container\">\n\t\t\t\t\t<h2 class=\"elementor-heading-title elementor-size-default\">10 anos de sucesso conectando marcas, empresas e pessoas<\/h2>\t\t\t\t<\/div>\n\t\t\t\t<\/div>\n\t\t\t\t<div class=\"elementor-element elementor-element-38f56f7 elementor-widget elementor-widget-text-editor\" data-id=\"38f56f7\" data-element_type=\"widget\" data-e-type=\"widget\" data-widget_type=\"text-editor.default\">\n\t\t\t\t<div class=\"elementor-widget-container\">\n\t\t\t\t\t\t\t\t\t<p>Conhe\u00e7a alguns estilos de eventos produzidos na nossa casa, acontecimentos criados pela Open Kitchen para oferecer ao p\u00fablico experi\u00eancias gastron\u00f4micas diferentes e exclusivas. Uma maneira nova de compartilhar conhecimentos dentro de um espa\u00e7o vers\u00e1til e intimista.<\/p>\t\t\t\t\t\t\t\t<\/div>\n\t\t\t\t<\/div>\n\t\t\t\t\t<\/div>\n\t\t\t\t<\/div>\n\t\t<div class=\"elementor-element elementor-element-e5e393d e-con-full e-flex e-con e-parent\" data-id=\"e5e393d\" data-element_type=\"container\" data-e-type=\"container\">\n\t\t\t\t<div class=\"elementor-element elementor-element-c046c9c elementor-grid-tablet-3 elementor-grid-mobile-2 elementor-grid-3 elementor-posts--thumbnail-top elementor-card-shadow-yes elementor-posts__hover-gradient elementor-widget elementor-widget-posts\" data-id=\"c046c9c\" data-element_type=\"widget\" data-e-type=\"widget\" data-settings=\"{&quot;cards_columns_tablet&quot;:&quot;3&quot;,&quot;cards_columns_mobile&quot;:&quot;2&quot;,&quot;cards_row_gap&quot;:{&quot;unit&quot;:&quot;px&quot;,&quot;size&quot;:30,&quot;sizes&quot;:[]},&quot;cards_row_gap_tablet&quot;:{&quot;unit&quot;:&quot;px&quot;,&quot;size&quot;:15,&quot;sizes&quot;:[]},&quot;cards_row_gap_mobile&quot;:{&quot;unit&quot;:&quot;px&quot;,&quot;size&quot;:14,&quot;sizes&quot;:[]},&quot;cards_columns&quot;:&quot;3&quot;}\" data-widget_type=\"posts.cards\">\n\t\t\t\t<div class=\"elementor-widget-container\">\n\t\t\t\t\t\t\t<div class=\"elementor-posts-container elementor-posts elementor-posts--skin-cards elementor-grid\" role=\"list\">\n\t\t\t\t<article class=\"elementor-post elementor-grid-item post-239 post type-post status-publish format-standard has-post-thumbnail hentry category-conceito-open-kitchen category-eventos-open-kitchen-2 tag-evento-de-negocios tag-eventos-corporativos tag-eventos-exclusivos tag-eventos-itaim tag-eventos-para-marcas tag-gastronomia tag-open-kitchen\" role=\"listitem\">\n\t\t\t<div class=\"elementor-post__card\">\n\t\t\t\t<a class=\"elementor-post__thumbnail__link\" href=\"https:\/\/openkitchen.com.br\/eventos-no-itaim-gastronomia\/eventos-corporativos-em-sao-paulo\/\" tabindex=\"-1\" ><div class=\"elementor-post__thumbnail\"><img fetchpriority=\"high\" decoding=\"async\" width=\"800\" height=\"600\" src=\"https:\/\/openkitchen.com.br\/eventos-no-itaim-gastronomia\/wp-content\/uploads\/2024\/05\/bd5bada9-c857-4caa-9206-93f2e27e35b1.jpg\" class=\"attachment-large size-large wp-image-1736\" alt=\"Espa\u00e7o para Eventos Open Kitchen, cozinha integrada, ampla e descolada. Eventos no Itaim. Espa\u00e7o para Eventos Gastron\u00f4micos no Itaim\" srcset=\"https:\/\/openkitchen.com.br\/eventos-no-itaim-gastronomia\/wp-content\/uploads\/2024\/05\/bd5bada9-c857-4caa-9206-93f2e27e35b1.jpg 1024w, https:\/\/openkitchen.com.br\/eventos-no-itaim-gastronomia\/wp-content\/uploads\/2024\/05\/bd5bada9-c857-4caa-9206-93f2e27e35b1-300x225.jpg 300w, https:\/\/openkitchen.com.br\/eventos-no-itaim-gastronomia\/wp-content\/uploads\/2024\/05\/bd5bada9-c857-4caa-9206-93f2e27e35b1-768x576.jpg 768w\" sizes=\"(max-width: 800px) 100vw, 800px\" \/><\/div><\/a>\n\t\t\t\t<div class=\"elementor-post__text\">\n\t\t\t\t<h3 class=\"elementor-post__title\">\n\t\t\t<a href=\"https:\/\/openkitchen.com.br\/eventos-no-itaim-gastronomia\/eventos-corporativos-em-sao-paulo\/\" >\n\t\t\t\tEventos Corporativos para Convidados Exigentes.\t\t\t<\/a>\n\t\t<\/h3>\n\t\t\t\t\t<div class=\"elementor-post__read-more-wrapper\">\n\t\t\n\t\t<a class=\"elementor-post__read-more\" href=\"https:\/\/openkitchen.com.br\/eventos-no-itaim-gastronomia\/eventos-corporativos-em-sao-paulo\/\" aria-label=\"Read more about Eventos Corporativos para Convidados Exigentes.\" tabindex=\"-1\" >\n\t\t\tSAIBA MAIS &gt;\t\t<\/a>\n\n\t\t\t\t\t<\/div>\n\t\t\t\t<\/div>\n\t\t\t\t\t<\/div>\n\t\t<\/article>\n\t\t\t\t<article class=\"elementor-post elementor-grid-item post-543 post type-post status-publish format-standard has-post-thumbnail hentry category-conceito-open-kitchen category-eventos-open-kitchen-2 tag-aula-show tag-cozinha-aberta tag-cozinha-gourmet tag-espaco-de-eventos tag-eventos tag-eventos-corporativos tag-eventos-itaim tag-eventos-sociais tag-foodporn tag-gourmet\" role=\"listitem\">\n\t\t\t<div class=\"elementor-post__card\">\n\t\t\t\t<a class=\"elementor-post__thumbnail__link\" href=\"https:\/\/openkitchen.com.br\/eventos-no-itaim-gastronomia\/eventos-especiais-2017-open-kitchen\/\" tabindex=\"-1\" ><div class=\"elementor-post__thumbnail\"><img decoding=\"async\" width=\"800\" height=\"534\" src=\"https:\/\/openkitchen.com.br\/eventos-no-itaim-gastronomia\/wp-content\/uploads\/2023\/08\/ParedeTijolos_OpenKitchen-1024x683.jpg\" class=\"attachment-large size-large wp-image-1001\" alt=\"\" srcset=\"https:\/\/openkitchen.com.br\/eventos-no-itaim-gastronomia\/wp-content\/uploads\/2023\/08\/ParedeTijolos_OpenKitchen-1024x683.jpg 1024w, https:\/\/openkitchen.com.br\/eventos-no-itaim-gastronomia\/wp-content\/uploads\/2023\/08\/ParedeTijolos_OpenKitchen-300x200.jpg 300w, https:\/\/openkitchen.com.br\/eventos-no-itaim-gastronomia\/wp-content\/uploads\/2023\/08\/ParedeTijolos_OpenKitchen-768x512.jpg 768w, https:\/\/openkitchen.com.br\/eventos-no-itaim-gastronomia\/wp-content\/uploads\/2023\/08\/ParedeTijolos_OpenKitchen-960x640.jpg 960w, https:\/\/openkitchen.com.br\/eventos-no-itaim-gastronomia\/wp-content\/uploads\/2023\/08\/ParedeTijolos_OpenKitchen-450x300.jpg 450w\" sizes=\"(max-width: 800px) 100vw, 800px\" \/><\/div><\/a>\n\t\t\t\t<div class=\"elementor-post__text\">\n\t\t\t\t<h3 class=\"elementor-post__title\">\n\t\t\t<a href=\"https:\/\/openkitchen.com.br\/eventos-no-itaim-gastronomia\/eventos-especiais-2017-open-kitchen\/\" >\n\t\t\t\tEventos Especiais &#8211; Open Kitchen\t\t\t<\/a>\n\t\t<\/h3>\n\t\t\t\t\t<div class=\"elementor-post__read-more-wrapper\">\n\t\t\n\t\t<a class=\"elementor-post__read-more\" href=\"https:\/\/openkitchen.com.br\/eventos-no-itaim-gastronomia\/eventos-especiais-2017-open-kitchen\/\" aria-label=\"Read more about Eventos Especiais &#8211; Open Kitchen\" tabindex=\"-1\" >\n\t\t\tSAIBA MAIS &gt;\t\t<\/a>\n\n\t\t\t\t\t<\/div>\n\t\t\t\t<\/div>\n\t\t\t\t\t<\/div>\n\t\t<\/article>\n\t\t\t\t<article class=\"elementor-post elementor-grid-item post-1290 post type-post status-publish format-standard has-post-thumbnail hentry category-eventos-open-kitchen tag-evento-de-negocios tag-eventos-corporativos tag-team-building\" role=\"listitem\">\n\t\t\t<div class=\"elementor-post__card\">\n\t\t\t\t<a class=\"elementor-post__thumbnail__link\" href=\"https:\/\/openkitchen.com.br\/eventos-no-itaim-gastronomia\/evento-de-integracao\/\" tabindex=\"-1\" ><div class=\"elementor-post__thumbnail\"><img decoding=\"async\" width=\"800\" height=\"534\" src=\"https:\/\/openkitchen.com.br\/eventos-no-itaim-gastronomia\/wp-content\/uploads\/2024\/09\/Open-Kitchen-20-03-2024-629-1-REDUZIDO-1024x683.jpg\" class=\"attachment-large size-large wp-image-1296\" alt=\"Espa\u00e7o Open Kitchen Team Building para Empresas. Integra\u00e7\u00e3o de Equipes\" srcset=\"https:\/\/openkitchen.com.br\/eventos-no-itaim-gastronomia\/wp-content\/uploads\/2024\/09\/Open-Kitchen-20-03-2024-629-1-REDUZIDO-1024x683.jpg 1024w, https:\/\/openkitchen.com.br\/eventos-no-itaim-gastronomia\/wp-content\/uploads\/2024\/09\/Open-Kitchen-20-03-2024-629-1-REDUZIDO-300x200.jpg 300w, https:\/\/openkitchen.com.br\/eventos-no-itaim-gastronomia\/wp-content\/uploads\/2024\/09\/Open-Kitchen-20-03-2024-629-1-REDUZIDO-768x512.jpg 768w, https:\/\/openkitchen.com.br\/eventos-no-itaim-gastronomia\/wp-content\/uploads\/2024\/09\/Open-Kitchen-20-03-2024-629-1-REDUZIDO-960x640.jpg 960w, https:\/\/openkitchen.com.br\/eventos-no-itaim-gastronomia\/wp-content\/uploads\/2024\/09\/Open-Kitchen-20-03-2024-629-1-REDUZIDO-450x300.jpg 450w, https:\/\/openkitchen.com.br\/eventos-no-itaim-gastronomia\/wp-content\/uploads\/2024\/09\/Open-Kitchen-20-03-2024-629-1-REDUZIDO.jpg 1200w\" sizes=\"(max-width: 800px) 100vw, 800px\" \/><\/div><\/a>\n\t\t\t\t<div class=\"elementor-post__text\">\n\t\t\t\t<h3 class=\"elementor-post__title\">\n\t\t\t<a href=\"https:\/\/openkitchen.com.br\/eventos-no-itaim-gastronomia\/evento-de-integracao\/\" >\n\t\t\t\tTeam Building para Empresas\t\t\t<\/a>\n\t\t<\/h3>\n\t\t\t\t\t<div class=\"elementor-post__read-more-wrapper\">\n\t\t\n\t\t<a class=\"elementor-post__read-more\" href=\"https:\/\/openkitchen.com.br\/eventos-no-itaim-gastronomia\/evento-de-integracao\/\" aria-label=\"Read more about Team Building para Empresas\" tabindex=\"-1\" >\n\t\t\tSAIBA MAIS &gt;\t\t<\/a>\n\n\t\t\t\t\t<\/div>\n\t\t\t\t<\/div>\n\t\t\t\t\t<\/div>\n\t\t<\/article>\n\t\t\t\t<article class=\"elementor-post elementor-grid-item post-40 post type-post status-publish format-standard has-post-thumbnail hentry category-aulas-open-kitchen category-conteudo-open-kitchen category-conceito-open-kitchen\" role=\"listitem\">\n\t\t\t<div class=\"elementor-post__card\">\n\t\t\t\t<a class=\"elementor-post__thumbnail__link\" href=\"https:\/\/openkitchen.com.br\/eventos-no-itaim-gastronomia\/locacao-para-filmagens-e-fotos\/\" tabindex=\"-1\" ><div class=\"elementor-post__thumbnail\"><img loading=\"lazy\" decoding=\"async\" width=\"800\" height=\"1010\" src=\"https:\/\/openkitchen.com.br\/eventos-no-itaim-gastronomia\/wp-content\/uploads\/2021\/03\/IMG-20241015-WA0010-2-811x1024.jpg\" class=\"attachment-large size-large wp-image-1728\" alt=\"Espa\u00e7o para Eventos Open Kitchen, cozinha integrada, ampla e descolada. Eventos no Itaim. Espa\u00e7o para Eventos Gastron\u00f4micos no Itaim\" srcset=\"https:\/\/openkitchen.com.br\/eventos-no-itaim-gastronomia\/wp-content\/uploads\/2021\/03\/IMG-20241015-WA0010-2-811x1024.jpg 811w, https:\/\/openkitchen.com.br\/eventos-no-itaim-gastronomia\/wp-content\/uploads\/2021\/03\/IMG-20241015-WA0010-2-238x300.jpg 238w, https:\/\/openkitchen.com.br\/eventos-no-itaim-gastronomia\/wp-content\/uploads\/2021\/03\/IMG-20241015-WA0010-2-768x970.jpg 768w, https:\/\/openkitchen.com.br\/eventos-no-itaim-gastronomia\/wp-content\/uploads\/2021\/03\/IMG-20241015-WA0010-2.jpg 960w\" sizes=\"(max-width: 800px) 100vw, 800px\" \/><\/div><\/a>\n\t\t\t\t<div class=\"elementor-post__text\">\n\t\t\t\t<h3 class=\"elementor-post__title\">\n\t\t\t<a href=\"https:\/\/openkitchen.com.br\/eventos-no-itaim-gastronomia\/locacao-para-filmagens-e-fotos\/\" >\n\t\t\t\tLoca\u00e7\u00e3o para filmagens e fotos\t\t\t<\/a>\n\t\t<\/h3>\n\t\t\t\t\t<div class=\"elementor-post__read-more-wrapper\">\n\t\t\n\t\t<a class=\"elementor-post__read-more\" href=\"https:\/\/openkitchen.com.br\/eventos-no-itaim-gastronomia\/locacao-para-filmagens-e-fotos\/\" aria-label=\"Read more about Loca\u00e7\u00e3o para filmagens e fotos\" tabindex=\"-1\" >\n\t\t\tSAIBA MAIS &gt;\t\t<\/a>\n\n\t\t\t\t\t<\/div>\n\t\t\t\t<\/div>\n\t\t\t\t\t<\/div>\n\t\t<\/article>\n\t\t\t\t<article class=\"elementor-post elementor-grid-item post-292 post type-post status-publish format-standard has-post-thumbnail hentry category-conceito-open-kitchen category-eventos-open-kitchen-2\" role=\"listitem\">\n\t\t\t<div class=\"elementor-post__card\">\n\t\t\t\t<a class=\"elementor-post__thumbnail__link\" href=\"https:\/\/openkitchen.com.br\/eventos-no-itaim-gastronomia\/eventos-sociais\/\" tabindex=\"-1\" ><div class=\"elementor-post__thumbnail\"><img loading=\"lazy\" decoding=\"async\" width=\"800\" height=\"608\" src=\"https:\/\/openkitchen.com.br\/eventos-no-itaim-gastronomia\/wp-content\/uploads\/2016\/04\/Cozinha_Foodporn_OpenKitchen.png\" class=\"attachment-large size-large wp-image-260\" alt=\"Bancada Foodporn | Experi\u00eancias Gastron\u00f4micas\" srcset=\"https:\/\/openkitchen.com.br\/eventos-no-itaim-gastronomia\/wp-content\/uploads\/2016\/04\/Cozinha_Foodporn_OpenKitchen.png 959w, https:\/\/openkitchen.com.br\/eventos-no-itaim-gastronomia\/wp-content\/uploads\/2016\/04\/Cozinha_Foodporn_OpenKitchen-300x228.png 300w, https:\/\/openkitchen.com.br\/eventos-no-itaim-gastronomia\/wp-content\/uploads\/2016\/04\/Cozinha_Foodporn_OpenKitchen-768x584.png 768w, https:\/\/openkitchen.com.br\/eventos-no-itaim-gastronomia\/wp-content\/uploads\/2016\/04\/Cozinha_Foodporn_OpenKitchen-395x300.png 395w\" sizes=\"(max-width: 800px) 100vw, 800px\" \/><\/div><\/a>\n\t\t\t\t<div class=\"elementor-post__text\">\n\t\t\t\t<h3 class=\"elementor-post__title\">\n\t\t\t<a href=\"https:\/\/openkitchen.com.br\/eventos-no-itaim-gastronomia\/eventos-sociais\/\" >\n\t\t\t\tEventos Sociais na Melhor Localiza\u00e7\u00e3o de S\u00e3o Paulo\t\t\t<\/a>\n\t\t<\/h3>\n\t\t\t\t\t<div class=\"elementor-post__read-more-wrapper\">\n\t\t\n\t\t<a class=\"elementor-post__read-more\" href=\"https:\/\/openkitchen.com.br\/eventos-no-itaim-gastronomia\/eventos-sociais\/\" aria-label=\"Read more about Eventos Sociais na Melhor Localiza\u00e7\u00e3o de S\u00e3o Paulo\" tabindex=\"-1\" >\n\t\t\tSAIBA MAIS &gt;\t\t<\/a>\n\n\t\t\t\t\t<\/div>\n\t\t\t\t<\/div>\n\t\t\t\t\t<\/div>\n\t\t<\/article>\n\t\t\t\t<article class=\"elementor-post elementor-grid-item post-164 post type-post status-publish format-standard has-post-thumbnail hentry category-sem-categoria\" role=\"listitem\">\n\t\t\t<div class=\"elementor-post__card\">\n\t\t\t\t<a class=\"elementor-post__thumbnail__link\" href=\"https:\/\/openkitchen.com.br\/eventos-no-itaim-gastronomia\/cozinha-intimista-no-itaim\/\" tabindex=\"-1\" ><div class=\"elementor-post__thumbnail\"><img loading=\"lazy\" decoding=\"async\" width=\"800\" height=\"406\" src=\"https:\/\/openkitchen.com.br\/eventos-no-itaim-gastronomia\/wp-content\/uploads\/2016\/04\/bx_Ambiente_externa_OpenKitchen-1024x520.png\" class=\"attachment-large size-large wp-image-165\" alt=\"\" srcset=\"https:\/\/openkitchen.com.br\/eventos-no-itaim-gastronomia\/wp-content\/uploads\/2016\/04\/bx_Ambiente_externa_OpenKitchen-1024x520.png 1024w, https:\/\/openkitchen.com.br\/eventos-no-itaim-gastronomia\/wp-content\/uploads\/2016\/04\/bx_Ambiente_externa_OpenKitchen-300x152.png 300w, https:\/\/openkitchen.com.br\/eventos-no-itaim-gastronomia\/wp-content\/uploads\/2016\/04\/bx_Ambiente_externa_OpenKitchen-768x390.png 768w, https:\/\/openkitchen.com.br\/eventos-no-itaim-gastronomia\/wp-content\/uploads\/2016\/04\/bx_Ambiente_externa_OpenKitchen-591x300.png 591w, https:\/\/openkitchen.com.br\/eventos-no-itaim-gastronomia\/wp-content\/uploads\/2016\/04\/bx_Ambiente_externa_OpenKitchen.png 1356w\" sizes=\"(max-width: 800px) 100vw, 800px\" \/><\/div><\/a>\n\t\t\t\t<div class=\"elementor-post__text\">\n\t\t\t\t<h3 class=\"elementor-post__title\">\n\t\t\t<a href=\"https:\/\/openkitchen.com.br\/eventos-no-itaim-gastronomia\/cozinha-intimista-no-itaim\/\" >\n\t\t\t\tCozinha Intimista &#8211; todos querem morar na nossa casa&#8230;\t\t\t<\/a>\n\t\t<\/h3>\n\t\t\t\t\t<div class=\"elementor-post__read-more-wrapper\">\n\t\t\n\t\t<a class=\"elementor-post__read-more\" href=\"https:\/\/openkitchen.com.br\/eventos-no-itaim-gastronomia\/cozinha-intimista-no-itaim\/\" aria-label=\"Read more about Cozinha Intimista &#8211; todos querem morar na nossa casa&#8230;\" tabindex=\"-1\" >\n\t\t\tSAIBA MAIS &gt;\t\t<\/a>\n\n\t\t\t\t\t<\/div>\n\t\t\t\t<\/div>\n\t\t\t\t\t<\/div>\n\t\t<\/article>\n\t\t\t\t<article class=\"elementor-post elementor-grid-item post-64 post type-post status-publish format-standard has-post-thumbnail hentry category-eventos-open-kitchen-2\" role=\"listitem\">\n\t\t\t<div class=\"elementor-post__card\">\n\t\t\t\t<a class=\"elementor-post__thumbnail__link\" href=\"https:\/\/openkitchen.com.br\/eventos-no-itaim-gastronomia\/aniversarios\/\" tabindex=\"-1\" ><div class=\"elementor-post__thumbnail\"><img loading=\"lazy\" decoding=\"async\" width=\"592\" height=\"442\" src=\"https:\/\/openkitchen.com.br\/eventos-no-itaim-gastronomia\/wp-content\/uploads\/2016\/04\/Captura-de-Tela-2019-02-18-a\u0300s-16.18.51.png\" class=\"attachment-large size-large wp-image-748\" alt=\"\" srcset=\"https:\/\/openkitchen.com.br\/eventos-no-itaim-gastronomia\/wp-content\/uploads\/2016\/04\/Captura-de-Tela-2019-02-18-a\u0300s-16.18.51.png 592w, https:\/\/openkitchen.com.br\/eventos-no-itaim-gastronomia\/wp-content\/uploads\/2016\/04\/Captura-de-Tela-2019-02-18-a\u0300s-16.18.51-300x224.png 300w, https:\/\/openkitchen.com.br\/eventos-no-itaim-gastronomia\/wp-content\/uploads\/2016\/04\/Captura-de-Tela-2019-02-18-a\u0300s-16.18.51-402x300.png 402w\" sizes=\"(max-width: 592px) 100vw, 592px\" \/><\/div><\/a>\n\t\t\t\t<div class=\"elementor-post__text\">\n\t\t\t\t<h3 class=\"elementor-post__title\">\n\t\t\t<a href=\"https:\/\/openkitchen.com.br\/eventos-no-itaim-gastronomia\/aniversarios\/\" >\n\t\t\t\tSeu Anivers\u00e1rio merece mais aten\u00e7\u00e3o.\t\t\t<\/a>\n\t\t<\/h3>\n\t\t\t\t\t<div class=\"elementor-post__read-more-wrapper\">\n\t\t\n\t\t<a class=\"elementor-post__read-more\" href=\"https:\/\/openkitchen.com.br\/eventos-no-itaim-gastronomia\/aniversarios\/\" aria-label=\"Read more about Seu Anivers\u00e1rio merece mais aten\u00e7\u00e3o.\" tabindex=\"-1\" >\n\t\t\tSAIBA MAIS &gt;\t\t<\/a>\n\n\t\t\t\t\t<\/div>\n\t\t\t\t<\/div>\n\t\t\t\t\t<\/div>\n\t\t<\/article>\n\t\t\t\t<article class=\"elementor-post elementor-grid-item post-29 post type-post status-publish format-standard has-post-thumbnail hentry category-conceito-open-kitchen\" role=\"listitem\">\n\t\t\t<div class=\"elementor-post__card\">\n\t\t\t\t<a class=\"elementor-post__thumbnail__link\" href=\"https:\/\/openkitchen.com.br\/eventos-no-itaim-gastronomia\/uma-tendencia-que-veio-pra-ficar\/\" tabindex=\"-1\" ><div class=\"elementor-post__thumbnail\"><img loading=\"lazy\" decoding=\"async\" width=\"800\" height=\"533\" src=\"https:\/\/openkitchen.com.br\/eventos-no-itaim-gastronomia\/wp-content\/uploads\/2016\/04\/a1fbbc73-e2a4-4e01-a419-b7dbe1188ba0.jpg\" class=\"attachment-large size-large wp-image-1734\" alt=\"Espa\u00e7o para Eventos Open Kitchen, cozinha integrada, ampla e descolada. Eventos no Itaim. Espa\u00e7o para Eventos Gastron\u00f4micos no Itaim\" srcset=\"https:\/\/openkitchen.com.br\/eventos-no-itaim-gastronomia\/wp-content\/uploads\/2016\/04\/a1fbbc73-e2a4-4e01-a419-b7dbe1188ba0.jpg 1024w, https:\/\/openkitchen.com.br\/eventos-no-itaim-gastronomia\/wp-content\/uploads\/2016\/04\/a1fbbc73-e2a4-4e01-a419-b7dbe1188ba0-300x200.jpg 300w, https:\/\/openkitchen.com.br\/eventos-no-itaim-gastronomia\/wp-content\/uploads\/2016\/04\/a1fbbc73-e2a4-4e01-a419-b7dbe1188ba0-768x512.jpg 768w\" sizes=\"(max-width: 800px) 100vw, 800px\" \/><\/div><\/a>\n\t\t\t\t<div class=\"elementor-post__text\">\n\t\t\t\t<h3 class=\"elementor-post__title\">\n\t\t\t<a href=\"https:\/\/openkitchen.com.br\/eventos-no-itaim-gastronomia\/uma-tendencia-que-veio-pra-ficar\/\" >\n\t\t\t\tAmbientes integrados com cozinha aberta &#8211; Espa\u00e7o de Eventos\t\t\t<\/a>\n\t\t<\/h3>\n\t\t\t\t\t<div class=\"elementor-post__read-more-wrapper\">\n\t\t\n\t\t<a class=\"elementor-post__read-more\" href=\"https:\/\/openkitchen.com.br\/eventos-no-itaim-gastronomia\/uma-tendencia-que-veio-pra-ficar\/\" aria-label=\"Read more about Ambientes integrados com cozinha aberta &#8211; Espa\u00e7o de Eventos\" tabindex=\"-1\" >\n\t\t\tSAIBA MAIS &gt;\t\t<\/a>\n\n\t\t\t\t\t<\/div>\n\t\t\t\t<\/div>\n\t\t\t\t\t<\/div>\n\t\t<\/article>\n\t\t\t\t<article class=\"elementor-post elementor-grid-item post-31 post type-post status-publish format-standard has-post-thumbnail hentry category-conteudo-open-kitchen category-conceito-open-kitchen\" role=\"listitem\">\n\t\t\t<div class=\"elementor-post__card\">\n\t\t\t\t<a class=\"elementor-post__thumbnail__link\" href=\"https:\/\/openkitchen.com.br\/eventos-no-itaim-gastronomia\/movimento-foodporn\/\" tabindex=\"-1\" ><div class=\"elementor-post__thumbnail\"><img loading=\"lazy\" decoding=\"async\" width=\"800\" height=\"533\" src=\"https:\/\/openkitchen.com.br\/eventos-no-itaim-gastronomia\/wp-content\/uploads\/2016\/04\/bx_Somtam_OpenKitchen-1024x682.jpg\" class=\"attachment-large size-large wp-image-32\" alt=\"\" srcset=\"https:\/\/openkitchen.com.br\/eventos-no-itaim-gastronomia\/wp-content\/uploads\/2016\/04\/bx_Somtam_OpenKitchen-1024x682.jpg 1024w, https:\/\/openkitchen.com.br\/eventos-no-itaim-gastronomia\/wp-content\/uploads\/2016\/04\/bx_Somtam_OpenKitchen-300x200.jpg 300w, https:\/\/openkitchen.com.br\/eventos-no-itaim-gastronomia\/wp-content\/uploads\/2016\/04\/bx_Somtam_OpenKitchen-768x512.jpg 768w, https:\/\/openkitchen.com.br\/eventos-no-itaim-gastronomia\/wp-content\/uploads\/2016\/04\/bx_Somtam_OpenKitchen-960x640.jpg 960w, https:\/\/openkitchen.com.br\/eventos-no-itaim-gastronomia\/wp-content\/uploads\/2016\/04\/bx_Somtam_OpenKitchen-450x300.jpg 450w, https:\/\/openkitchen.com.br\/eventos-no-itaim-gastronomia\/wp-content\/uploads\/2016\/04\/bx_Somtam_OpenKitchen.jpg 1646w\" sizes=\"(max-width: 800px) 100vw, 800px\" \/><\/div><\/a>\n\t\t\t\t<div class=\"elementor-post__text\">\n\t\t\t\t<h3 class=\"elementor-post__title\">\n\t\t\t<a href=\"https:\/\/openkitchen.com.br\/eventos-no-itaim-gastronomia\/movimento-foodporn\/\" >\n\t\t\t\tGastronomia em Alta &#8211;  #foodporn\t\t\t<\/a>\n\t\t<\/h3>\n\t\t\t\t\t<div class=\"elementor-post__read-more-wrapper\">\n\t\t\n\t\t<a class=\"elementor-post__read-more\" href=\"https:\/\/openkitchen.com.br\/eventos-no-itaim-gastronomia\/movimento-foodporn\/\" aria-label=\"Read more about Gastronomia em Alta &#8211;  #foodporn\" tabindex=\"-1\" >\n\t\t\tSAIBA MAIS &gt;\t\t<\/a>\n\n\t\t\t\t\t<\/div>\n\t\t\t\t<\/div>\n\t\t\t\t\t<\/div>\n\t\t<\/article>\n\t\t\t\t<article class=\"elementor-post elementor-grid-item post-2069 post type-post status-publish format-standard has-post-thumbnail hentry category-aulas-open-kitchen category-eventos-open-kitchen\" role=\"listitem\">\n\t\t\t<div class=\"elementor-post__card\">\n\t\t\t\t<a class=\"elementor-post__thumbnail__link\" href=\"https:\/\/openkitchen.com.br\/eventos-no-itaim-gastronomia\/spotlight\/\" tabindex=\"-1\" ><div class=\"elementor-post__thumbnail\"><img loading=\"lazy\" decoding=\"async\" width=\"800\" height=\"800\" src=\"https:\/\/openkitchen.com.br\/eventos-no-itaim-gastronomia\/wp-content\/uploads\/2025\/07\/IMG-20250708-WA0016.jpg\" class=\"attachment-large size-large wp-image-2073\" alt=\"\" srcset=\"https:\/\/openkitchen.com.br\/eventos-no-itaim-gastronomia\/wp-content\/uploads\/2025\/07\/IMG-20250708-WA0016.jpg 1000w, https:\/\/openkitchen.com.br\/eventos-no-itaim-gastronomia\/wp-content\/uploads\/2025\/07\/IMG-20250708-WA0016-300x300.jpg 300w, https:\/\/openkitchen.com.br\/eventos-no-itaim-gastronomia\/wp-content\/uploads\/2025\/07\/IMG-20250708-WA0016-150x150.jpg 150w, https:\/\/openkitchen.com.br\/eventos-no-itaim-gastronomia\/wp-content\/uploads\/2025\/07\/IMG-20250708-WA0016-768x768.jpg 768w\" sizes=\"(max-width: 800px) 100vw, 800px\" \/><\/div><\/a>\n\t\t\t\t<div class=\"elementor-post__text\">\n\t\t\t\t<h3 class=\"elementor-post__title\">\n\t\t\t<a href=\"https:\/\/openkitchen.com.br\/eventos-no-itaim-gastronomia\/spotlight\/\" >\n\t\t\t\tSpotlight\t\t\t<\/a>\n\t\t<\/h3>\n\t\t\t\t\t<div class=\"elementor-post__read-more-wrapper\">\n\t\t\n\t\t<a class=\"elementor-post__read-more\" href=\"https:\/\/openkitchen.com.br\/eventos-no-itaim-gastronomia\/spotlight\/\" aria-label=\"Read more about Spotlight\" tabindex=\"-1\" >\n\t\t\tSAIBA MAIS &gt;\t\t<\/a>\n\n\t\t\t\t\t<\/div>\n\t\t\t\t<\/div>\n\t\t\t\t\t<\/div>\n\t\t<\/article>\n\t\t\t\t<\/div>\n\t\t\n\t\t\t\t\t\t<\/div>\n\t\t\t\t<\/div>\n\t\t\t\t<\/div>\n\t\t\t\t<\/div>\n\t\t","protected":false},"excerpt":{"rendered":"<p>10 anos de sucesso conectando marcas, empresas e pessoas Conhe\u00e7a alguns estilos de eventos produzidos na nossa casa, acontecimentos criados pela Open Kitchen para oferecer<\/p>\n","protected":false},"author":4,"featured_media":0,"parent":0,"menu_order":0,"comment_status":"closed","ping_status":"closed","template":"elementor_header_footer","meta":{"footnotes":""},"class_list":["post-1470","page","type-page","status-publish","hentry"],"_links":{"self":[{"href":"https:\/\/openkitchen.com.br\/eventos-no-itaim-gastronomia\/wp-json\/wp\/v2\/pages\/1470","targetHints":{"allow":["GET"]}}],"collection":[{"href":"https:\/\/openkitchen.com.br\/eventos-no-itaim-gastronomia\/wp-json\/wp\/v2\/pages"}],"about":[{"href":"https:\/\/openkitchen.com.br\/eventos-no-itaim-gastronomia\/wp-json\/wp\/v2\/types\/page"}],"author":[{"embeddable":true,"href":"https:\/\/openkitchen.com.br\/eventos-no-itaim-gastronomia\/wp-json\/wp\/v2\/users\/4"}],"replies":[{"embeddable":true,"href":"https:\/\/openkitchen.com.br\/eventos-no-itaim-gastronomia\/wp-json\/wp\/v2\/comments?post=1470"}],"version-history":[{"count":10,"href":"https:\/\/openkitchen.com.br\/eventos-no-itaim-gastronomia\/wp-json\/wp\/v2\/pages\/1470\/revisions"}],"predecessor-version":[{"id":1884,"href":"https:\/\/openkitchen.com.br\/eventos-no-itaim-gastronomia\/wp-json\/wp\/v2\/pages\/1470\/revisions\/1884"}],"wp:attachment":[{"href":"https:\/\/openkitchen.com.br\/eventos-no-itaim-gastronomia\/wp-json\/wp\/v2\/media?parent=1470"}],"curies":[{"name":"wp","href":"https:\/\/api.w.org\/{rel}","templated":true}]}}